{"id":9,"date":"2023-12-07T10:28:15","date_gmt":"2023-12-07T13:28:15","guid":{"rendered":"https:\/\/shamavelas.com.br\/?page_id=9"},"modified":"2023-12-13T16:19:23","modified_gmt":"2023-12-13T19:19:23","slug":"minha-conta","status":"publish","type":"page","link":"https:\/\/sandbox.gfex.tech\/gshopmodelo\/minha-conta\/","title":{"rendered":"Minha conta"},"content":{"rendered":"\t\t<div data-elementor-type=\"wp-page\" data-elementor-id=\"9\" class=\"elementor elementor-9\" data-elementor-post-type=\"page\">\n\t\t\t\t<div class=\"elementor-element elementor-element-047d6e7 e-flex e-con-boxed e-con e-parent\" data-id=\"047d6e7\" data-element_type=\"container\" data-settings=\"{&quot;content_width&quot;:&quot;boxed&quot;}\" data-core-v316-plus=\"true\">\n\t\t\t\t\t<div class=\"e-con-inner\">\n\t\t\t\t<div class=\"elementor-element elementor-element-39f6dd9 elementor-widget elementor-widget-heading\" data-id=\"39f6dd9\" data-element_type=\"widget\" data-widget_type=\"heading.default\">\n\t\t\t\t<div class=\"elementor-widget-container\">\n\t\t\t<style>\/*! elementor - v3.19.0 - 29-01-2024 *\/\n.elementor-heading-title{padding:0;margin:0;line-height:1}.elementor-widget-heading .elementor-heading-title[class*=elementor-size-]>a{color:inherit;font-size:inherit;line-height:inherit}.elementor-widget-heading .elementor-heading-title.elementor-size-small{font-size:15px}.elementor-widget-heading .elementor-heading-title.elementor-size-medium{font-size:19px}.elementor-widget-heading .elementor-heading-title.elementor-size-large{font-size:29px}.elementor-widget-heading .elementor-heading-title.elementor-size-xl{font-size:39px}.elementor-widget-heading .elementor-heading-title.elementor-size-xxl{font-size:59px}<\/style><h2 class=\"elementor-heading-title elementor-size-default\">Minha conta<\/h2>\t\t<\/div>\n\t\t\t\t<\/div>\n\t\t\t\t\t<\/div>\n\t\t\t\t<\/div>\n\t\t<div class=\"elementor-element elementor-element-3d3f8944 e-flex e-con-boxed e-con e-parent\" data-id=\"3d3f8944\" data-element_type=\"container\" data-settings=\"{&quot;content_width&quot;:&quot;boxed&quot;}\" data-core-v316-plus=\"true\">\n\t\t\t\t\t<div class=\"e-con-inner\">\n\t\t\t\t<div class=\"elementor-element elementor-element-c9ae4ac e-my-account-tabs-vertical elementor-widget elementor-widget-woocommerce-my-account\" data-id=\"c9ae4ac\" data-element_type=\"widget\" data-settings=\"{&quot;customize_dashboard_check&quot;:&quot;yes&quot;}\" data-widget_type=\"woocommerce-my-account.default\">\n\t\t\t\t<div class=\"elementor-widget-container\">\n\t\t\t<link rel=\"stylesheet\" href=\"https:\/\/sandbox.gfex.tech\/gshopmodelo\/wp-content\/plugins\/elementor-pro\/assets\/css\/widget-woocommerce.min.css\"><div class=\"e-my-account-tab e-my-account-tab__ \">\t\t\t<span class=\"elementor-hidden\">[woocommerce_my_account]<\/span>\n\t\t\t<div class=\"woocommerce\"><\/div>\t\t<\/div>\n\t\t\t\t<\/div>\n\t\t\t\t<\/div>\n\t\t\t\t\t<\/div>\n\t\t\t\t<\/div>\n\t\t\t\t<\/div>\n\t\t","protected":false},"excerpt":{"rendered":"<p>Minha conta Painel Pedidos Downloads Endere\u00e7os Detalhes da conta Sair Ol\u00e1, gfex (n\u00e3o \u00e9 gfex? Sair) A partir do painel de controle de sua conta, voc\u00ea pode ver suas compras recentes, gerenciar seus endere\u00e7os de entrega e faturamento, e editar sua senha e detalhes da conta.<\/p>\n","protected":false},"author":1,"featured_media":0,"parent":0,"menu_order":0,"comment_status":"closed","ping_status":"closed","template":"elementor_header_footer","meta":{"footnotes":""},"_links":{"self":[{"href":"https:\/\/sandbox.gfex.tech\/gshopmodelo\/wp-json\/wp\/v2\/pages\/9"}],"collection":[{"href":"https:\/\/sandbox.gfex.tech\/gshopmodelo\/wp-json\/wp\/v2\/pages"}],"about":[{"href":"https:\/\/sandbox.gfex.tech\/gshopmodelo\/wp-json\/wp\/v2\/types\/page"}],"author":[{"embeddable":true,"href":"https:\/\/sandbox.gfex.tech\/gshopmodelo\/wp-json\/wp\/v2\/users\/1"}],"replies":[{"embeddable":true,"href":"https:\/\/sandbox.gfex.tech\/gshopmodelo\/wp-json\/wp\/v2\/comments?post=9"}],"version-history":[{"count":3,"href":"https:\/\/sandbox.gfex.tech\/gshopmodelo\/wp-json\/wp\/v2\/pages\/9\/revisions"}],"predecessor-version":[{"id":212,"href":"https:\/\/sandbox.gfex.tech\/gshopmodelo\/wp-json\/wp\/v2\/pages\/9\/revisions\/212"}],"wp:attachment":[{"href":"https:\/\/sandbox.gfex.tech\/gshopmodelo\/wp-json\/wp\/v2\/media?parent=9"}],"curies":[{"name":"wp","href":"https:\/\/api.w.org\/{rel}","templated":true}]}}